{"id":11091,"date":"2024-09-11T08:36:45","date_gmt":"2024-09-11T08:36:45","guid":{"rendered":"https:\/\/bettrweb.com\/?page_id=11091"},"modified":"2024-09-11T08:38:44","modified_gmt":"2024-09-11T08:38:44","slug":"atsauksmes","status":"publish","type":"page","link":"https:\/\/bettrweb.com\/lv\/atsauksmes\/","title":{"rendered":"Atsauksmes"},"content":{"rendered":"","protected":false},"excerpt":{"rendered":"","protected":false},"author":2,"featured_media":0,"parent":0,"menu_order":0,"comment_status":"closed","ping_status":"closed","template":"builder.php","meta":{"footnotes":""},"acf":[],"yoast_head":"<!-- This site is optimized with the Yoast SEO plugin v22.5 - https:\/\/yoast.com\/wordpress\/plugins\/seo\/ -->\n<title>Atsauksmes | Bettrweb - M\u0101jaslapu Izstr\u0101des A\u0123ent\u016bra<\/title>\n<meta name=\"robots\" content=\"index, follow, max-snippet:-1, max-image-preview:large, max-video-preview:-1\" \/>\n<link rel=\"canonical\" href=\"https:\/\/bettrweb.com\/lv\/atsauksmes\/\" \/>\n<meta property=\"og:locale\" content=\"lv_LV\" \/>\n<meta property=\"og:type\" content=\"article\" \/>\n<meta property=\"og:title\" content=\"Atsauksmes | Bettrweb - M\u0101jaslapu Izstr\u0101des A\u0123ent\u016bra\" \/>\n<meta property=\"og:url\" content=\"https:\/\/bettrweb.com\/lv\/atsauksmes\/\" \/>\n<meta property=\"og:site_name\" content=\"Bettrweb - M\u0101jaslapu Izstr\u0101des A\u0123ent\u016bra\" \/>\n<meta property=\"article:publisher\" content=\"https:\/\/www.facebook.com\/Bettrweb\" \/>\n<meta property=\"article:modified_time\" content=\"2024-09-11T08:38:44+00:00\" \/>\n<meta property=\"og:image\" content=\"https:\/\/bettrweb.com\/wp-content\/uploads\/2024\/04\/fallback-image.png\" \/>\n\t<meta property=\"og:image:width\" content=\"1201\" \/>\n\t<meta property=\"og:image:height\" content=\"676\" \/>\n\t<meta property=\"og:image:type\" content=\"image\/png\" \/>\n<meta name=\"twitter:card\" content=\"summary_large_image\" \/>\n<script type=\"application\/ld+json\" class=\"yoast-schema-graph\">{\"@context\":\"https:\/\/schema.org\",\"@graph\":[{\"@type\":\"WebPage\",\"@id\":\"https:\/\/bettrweb.com\/lv\/atsauksmes\/\",\"url\":\"https:\/\/bettrweb.com\/lv\/atsauksmes\/\",\"name\":\"Atsauksmes | Bettrweb - M\u0101jaslapu Izstr\u0101des A\u0123ent\u016bra\",\"isPartOf\":{\"@id\":\"https:\/\/bettrweb.com\/lv\/#website\"},\"datePublished\":\"2024-09-11T08:36:45+00:00\",\"dateModified\":\"2024-09-11T08:38:44+00:00\",\"breadcrumb\":{\"@id\":\"https:\/\/bettrweb.com\/lv\/atsauksmes\/#breadcrumb\"},\"inLanguage\":\"lv-LV\",\"potentialAction\":[{\"@type\":\"ReadAction\",\"target\":[\"https:\/\/bettrweb.com\/lv\/atsauksmes\/\"]}]},{\"@type\":\"BreadcrumbList\",\"@id\":\"https:\/\/bettrweb.com\/lv\/atsauksmes\/#breadcrumb\",\"itemListElement\":[{\"@type\":\"ListItem\",\"position\":1,\"name\":\"Home\",\"item\":\"https:\/\/bettrweb.com\/lv\/\"},{\"@type\":\"ListItem\",\"position\":2,\"name\":\"Atsauksmes\"}]},{\"@type\":\"WebSite\",\"@id\":\"https:\/\/bettrweb.com\/lv\/#website\",\"url\":\"https:\/\/bettrweb.com\/lv\/\",\"name\":\"Bettrweb\",\"description\":\"Profesion\u0101la m\u0101jaslapu izstr\u0101de un dizains\",\"publisher\":{\"@id\":\"https:\/\/bettrweb.com\/lv\/#organization\"},\"alternateName\":\"Website Development Agency\",\"potentialAction\":[{\"@type\":\"SearchAction\",\"target\":{\"@type\":\"EntryPoint\",\"urlTemplate\":\"https:\/\/bettrweb.com\/lv\/?s={search_term_string}\"},\"query-input\":\"required name=search_term_string\"}],\"inLanguage\":\"lv-LV\"},{\"@type\":\"Organization\",\"@id\":\"https:\/\/bettrweb.com\/lv\/#organization\",\"name\":\"Bettrweb Website Development Agency\",\"url\":\"https:\/\/bettrweb.com\/lv\/\",\"logo\":{\"@type\":\"ImageObject\",\"inLanguage\":\"lv-LV\",\"@id\":\"https:\/\/bettrweb.com\/lv\/#\/schema\/logo\/image\/\",\"url\":\"https:\/\/bettrweb.com\/wp-content\/uploads\/2024\/01\/logo.svg\",\"contentUrl\":\"https:\/\/bettrweb.com\/wp-content\/uploads\/2024\/01\/logo.svg\",\"width\":1,\"height\":1,\"caption\":\"Bettrweb Website Development Agency\"},\"image\":{\"@id\":\"https:\/\/bettrweb.com\/lv\/#\/schema\/logo\/image\/\"},\"sameAs\":[\"https:\/\/www.facebook.com\/Bettrweb\",\"https:\/\/www.instagram.com\/bettrweb\/\",\"https:\/\/www.linkedin.com\/company\/bettrweb\/\"]}]}<\/script>\n<!-- \/ Yoast SEO plugin. -->","yoast_head_json":{"title":"Atsauksmes | Bettrweb - M\u0101jaslapu Izstr\u0101des A\u0123ent\u016bra","robots":{"index":"index","follow":"follow","max-snippet":"max-snippet:-1","max-image-preview":"max-image-preview:large","max-video-preview":"max-video-preview:-1"},"canonical":"https:\/\/bettrweb.com\/lv\/atsauksmes\/","og_locale":"lv_LV","og_type":"article","og_title":"Atsauksmes | Bettrweb - M\u0101jaslapu Izstr\u0101des A\u0123ent\u016bra","og_url":"https:\/\/bettrweb.com\/lv\/atsauksmes\/","og_site_name":"Bettrweb - M\u0101jaslapu Izstr\u0101des A\u0123ent\u016bra","article_publisher":"https:\/\/www.facebook.com\/Bettrweb","article_modified_time":"2024-09-11T08:38:44+00:00","og_image":[{"width":1201,"height":676,"url":"https:\/\/bettrweb.com\/wp-content\/uploads\/2024\/04\/fallback-image.png","type":"image\/png"}],"twitter_card":"summary_large_image","schema":{"@context":"https:\/\/schema.org","@graph":[{"@type":"WebPage","@id":"https:\/\/bettrweb.com\/lv\/atsauksmes\/","url":"https:\/\/bettrweb.com\/lv\/atsauksmes\/","name":"Atsauksmes | Bettrweb - M\u0101jaslapu Izstr\u0101des A\u0123ent\u016bra","isPartOf":{"@id":"https:\/\/bettrweb.com\/lv\/#website"},"datePublished":"2024-09-11T08:36:45+00:00","dateModified":"2024-09-11T08:38:44+00:00","breadcrumb":{"@id":"https:\/\/bettrweb.com\/lv\/atsauksmes\/#breadcrumb"},"inLanguage":"lv-LV","potentialAction":[{"@type":"ReadAction","target":["https:\/\/bettrweb.com\/lv\/atsauksmes\/"]}]},{"@type":"BreadcrumbList","@id":"https:\/\/bettrweb.com\/lv\/atsauksmes\/#breadcrumb","itemListElement":[{"@type":"ListItem","position":1,"name":"Home","item":"https:\/\/bettrweb.com\/lv\/"},{"@type":"ListItem","position":2,"name":"Atsauksmes"}]},{"@type":"WebSite","@id":"https:\/\/bettrweb.com\/lv\/#website","url":"https:\/\/bettrweb.com\/lv\/","name":"Bettrweb","description":"Profesion\u0101la m\u0101jaslapu izstr\u0101de un dizains","publisher":{"@id":"https:\/\/bettrweb.com\/lv\/#organization"},"alternateName":"Website Development Agency","potentialAction":[{"@type":"SearchAction","target":{"@type":"EntryPoint","urlTemplate":"https:\/\/bettrweb.com\/lv\/?s={search_term_string}"},"query-input":"required name=search_term_string"}],"inLanguage":"lv-LV"},{"@type":"Organization","@id":"https:\/\/bettrweb.com\/lv\/#organization","name":"Bettrweb Website Development Agency","url":"https:\/\/bettrweb.com\/lv\/","logo":{"@type":"ImageObject","inLanguage":"lv-LV","@id":"https:\/\/bettrweb.com\/lv\/#\/schema\/logo\/image\/","url":"https:\/\/bettrweb.com\/wp-content\/uploads\/2024\/01\/logo.svg","contentUrl":"https:\/\/bettrweb.com\/wp-content\/uploads\/2024\/01\/logo.svg","width":1,"height":1,"caption":"Bettrweb Website Development Agency"},"image":{"@id":"https:\/\/bettrweb.com\/lv\/#\/schema\/logo\/image\/"},"sameAs":["https:\/\/www.facebook.com\/Bettrweb","https:\/\/www.instagram.com\/bettrweb\/","https:\/\/www.linkedin.com\/company\/bettrweb\/"]}]}},"_links":{"self":[{"href":"https:\/\/bettrweb.com\/lv\/wp-json\/wp\/v2\/pages\/11091"}],"collection":[{"href":"https:\/\/bettrweb.com\/lv\/wp-json\/wp\/v2\/pages"}],"about":[{"href":"https:\/\/bettrweb.com\/lv\/wp-json\/wp\/v2\/types\/page"}],"author":[{"embeddable":true,"href":"https:\/\/bettrweb.com\/lv\/wp-json\/wp\/v2\/users\/2"}],"replies":[{"embeddable":true,"href":"https:\/\/bettrweb.com\/lv\/wp-json\/wp\/v2\/comments?post=11091"}],"version-history":[{"count":2,"href":"https:\/\/bettrweb.com\/lv\/wp-json\/wp\/v2\/pages\/11091\/revisions"}],"predecessor-version":[{"id":11093,"href":"https:\/\/bettrweb.com\/lv\/wp-json\/wp\/v2\/pages\/11091\/revisions\/11093"}],"wp:attachment":[{"href":"https:\/\/bettrweb.com\/lv\/wp-json\/wp\/v2\/media?parent=11091"}],"curies":[{"name":"wp","href":"https:\/\/api.w.org\/{rel}","templated":true}]}}